{"id":43,"date":"2023-07-11T10:45:57","date_gmt":"2023-07-11T10:45:57","guid":{"rendered":"https:\/\/themeholy.com\/wordpress\/edura\/?page_id=43"},"modified":"2025-01-24T17:26:54","modified_gmt":"2025-01-24T22:26:54","slug":"home-one","status":"publish","type":"page","link":"https:\/\/ceps360.com\/web1\/","title":{"rendered":"Home University"},"content":{"rendered":"\t\t<div data-elementor-type=\"wp-page\" data-elementor-id=\"43\" class=\"elementor elementor-43\">\n\t\t\t\t\t\t<section class=\"elementor-section elementor-top-section elementor-element elementor-element-dca39bc elementor-section-full_width elementor-section-height-default elementor-section-height-default\" data-id=\"dca39bc\" data-element_type=\"section\" data-e-type=\"section\">\n\t\t\t\t\t\t<div class=\"elementor-container elementor-column-gap-no\">\n\t\t\t\t\t<div class=\"elementor-column elementor-col-100 elementor-top-column elementor-element elementor-element-1a5dc93\" data-id=\"1a5dc93\" data-element_type=\"column\" data-e-type=\"column\">\n\t\t\t<div class=\"elementor-widget-wrap elementor-element-populated\">\n\t\t\t\t\r\n\r\n\t\t<div class=\"elementor-element elementor-element-da53b2f elementor-widget elementor-widget-edurabanner\" data-id=\"da53b2f\" data-element_type=\"widget\" data-e-type=\"widget\" data-widget_type=\"edurabanner.default\">\n\t\t\t\t<div class=\"elementor-widget-container\">\n\t\t\t\t\t<div class=\"th-hero-wrapper hero-1\" id=\"hero\"><div class=\"hero-slider-1 th-carousel\" data-fade=\"true\" data-slide-show=\"1\" data-md-slide-show=\"1\" data-dots=\"true\"><div class=\"th-hero-slide\"><div class=\"th-hero-bg\" data-overlay=\"title\" data-opacity=\"8\" data-bg-src=\"https:\/\/themeholy.com\/wordpress\/edura\/wp-content\/uploads\/2023\/07\/hero_bg_1_1.png\"><\/div><div class=\"container\"><div class=\"row align-items-center justify-content-center\"><div class=\"col-md-6\"><div class=\"hero-style1\"><span class=\"hero-subtitle th-sub\" data-ani=\"slideinleft\" data-ani-delay=\"0.1s\"><span>35% OFF<\/span> APRENDE HOY MISMO<\/span><h1 class=\"hero-title th-title text-white\" data-ani=\"slideinleft\" data-ani-delay=\"0.4s\">La Educaci\u00f3n esta en tus Manos.<\/h1><p class=\"hero-text th-desc\" data-ani=\"slideinleft\" data-ani-delay=\"0.6s\">La educaci\u00f3n puede considerarse como la transmisi\u00f3n de los valores y conocimientos acumulados de una sociedad. En este sentido, es equivalente.<\/p><div class=\"btn-group\" data-ani=\"slideinleft\" data-ani-delay=\"0.8s\"><a href=\"http:\/\/ceps260.com\/web1\/all-courses\" class=\"th-btn th_btn style3\">Comenzar<i class=\"fas fa-arrow-right ms-2\"><\/i><\/a><\/div><\/div><\/div><div class=\"col-md-6 text-lg-end text-center\"><div class=\"hero-img1\"><img decoding=\"async\" src=\"https:\/\/themeholy.com\/wordpress\/edura\/wp-content\/uploads\/2023\/07\/hero_thumb_1_1.png\" alt=\"hero_thumb_1_1\"  \/><\/div><\/div><\/div><\/div><div class=\"hero-shape shape1\"><img decoding=\"async\" src=\"https:\/\/themeholy.com\/wordpress\/edura\/wp-content\/uploads\/2023\/07\/shape_1_1.png\" alt=\"shape_1_1\"  \/><\/div><div class=\"hero-shape shape2\"><img decoding=\"async\" src=\"https:\/\/themeholy.com\/wordpress\/edura\/wp-content\/uploads\/2023\/07\/shape_1_2.png\" alt=\"shape_1_2\"  \/><\/div><div class=\"hero-shape shape3\"><\/div><div class=\"hero-shape shape4 shape-mockup jump-reverse\" data-right=\"70px\" data-bottom=\"50px\"><img decoding=\"async\" src=\"https:\/\/themeholy.com\/wordpress\/edura\/wp-content\/uploads\/2023\/07\/shape_1_3.png\" alt=\"shape_1_3\"  \/><\/div><div class=\"hero-shape shape5 shape-mockup jump-reverse\" data-left=\"0px\" data-bottom=\"0px\"><img decoding=\"async\" src=\"https:\/\/themeholy.com\/wordpress\/edura\/wp-content\/uploads\/2023\/07\/shape_1_4.png\" alt=\"shape_1_4\"  \/><\/div><\/div><\/div><\/div>\t\t\t\t<\/div>\n\t\t\t\t<\/div>\n\t\t\t\t\t<\/div>\n\t\t<\/div>\n\t\t\t\t\t<\/div>\n\t\t<\/section>\n\t\t\t\t<section class=\"elementor-section elementor-top-section elementor-element elementor-element-da938ca elementor-section-full_width elementor-section-height-default elementor-section-height-default\" data-id=\"da938ca\" data-element_type=\"section\" data-e-type=\"section\">\n\t\t\t\t\t\t<div class=\"elementor-container elementor-column-gap-no\">\n\t\t\t\t\t<div class=\"elementor-column elementor-col-100 elementor-top-column elementor-element elementor-element-f60219b\" data-id=\"f60219b\" data-element_type=\"column\" data-e-type=\"column\">\n\t\t\t<div class=\"elementor-widget-wrap elementor-element-populated\">\n\t\t\t\t\t\t<section class=\"elementor-section elementor-inner-section elementor-element elementor-element-e5cb4c5 elementor-section-boxed elementor-section-height-default elementor-section-height-default\" data-id=\"e5cb4c5\" data-element_type=\"section\" data-e-type=\"section\">\n\t\t\t\t\t\t<div class=\"elementor-container elementor-column-gap-no\">\n\t\t\t\t\t<div class=\"elementor-column elementor-col-50 elementor-inner-column elementor-element elementor-element-ced3866\" data-id=\"ced3866\" data-element_type=\"column\" data-e-type=\"column\">\n\t\t\t<div class=\"elementor-widget-wrap elementor-element-populated\">\n\t\t\t\t\t\t<div class=\"elementor-element elementor-element-f6d841d elementor-widget elementor-widget-eduragroupimage\" data-id=\"f6d841d\" data-element_type=\"widget\" data-e-type=\"widget\" data-widget_type=\"eduragroupimage.default\">\n\t\t\t\t<div class=\"elementor-widget-container\">\n\t\t\t\t\t<div class=\"img-box1 mb-40 mb-xl-0\"><div class=\"img1\"><img decoding=\"async\" class=\"tilt-active\" src=\"https:\/\/themeholy.com\/wordpress\/edura\/wp-content\/uploads\/2023\/07\/about_1_1.png\" alt=\"About\"><\/div><div class=\"about-grid\" data-bg-src=\"https:\/\/themeholy.com\/wordpress\/edura\/wp-content\/uploads\/2023\/07\/about_1_3.png\"><h3 class=\"about-grid_year\"><span class=\"text-theme\">+<\/span><span class=\"counter-number\">10<\/span>k<\/h3><p class=\"about-grid_text\">certificados emitidos<\/p><\/div><div class=\"img2\"><img decoding=\"async\" class=\"tilt-active\" src=\"https:\/\/themeholy.com\/wordpress\/edura\/wp-content\/uploads\/2023\/07\/about_1_2.png\" alt=\"About\"><\/div><div class=\"shape-mockup about-shape1 jump\" data-left=\"-67px\" data-bottom=\"0\"><img decoding=\"async\" src=\"https:\/\/themeholy.com\/wordpress\/edura\/wp-content\/uploads\/2023\/07\/about_1_shape1.png\" alt=\"About\"><\/div><\/div>\t\t\t\t<\/div>\n\t\t\t\t<\/div>\n\t\t\t\t\t<\/div>\n\t\t<\/div>\n\t\t\t\t<div class=\"elementor-column elementor-col-50 elementor-inner-column elementor-element elementor-element-1d42b28\" data-id=\"1d42b28\" data-element_type=\"column\" data-e-type=\"column\">\n\t\t\t<div class=\"elementor-widget-wrap elementor-element-populated\">\n\t\t\t\t\t\t<div class=\"elementor-element elementor-element-cac7ff2 elementor-widget elementor-widget-edurasectiontitle\" data-id=\"cac7ff2\" data-element_type=\"widget\" data-e-type=\"widget\" data-widget_type=\"edurasectiontitle.default\">\n\t\t\t\t<div class=\"elementor-widget-container\">\n\t\t\t\t\t<div class=\"title-area mb-25\" ><span class=\"sub-title subtitle-selector\"><i class=\"fal fa-book me-2\"><\/i>Acerca de nosotros<\/span><h2 class=\"sec-title title-selector\">Bienvenidos a CEPS 360.<\/h2><p class=\"desc-selector\">Somos una instituci\u00f3n de formaci\u00f3n y capacitaci\u00f3n de personas en diferentes \u00e1reas, con una s\u00f3lida base \u00e9tica, capaces de actuar en el mundo laboral y comprometidos con el desarrollo del pa\u00eds, que se rigen por los principios de una educaci\u00f3n de calidad competitiva.<\/p><\/div>\t\t\t\t<\/div>\n\t\t\t\t<\/div>\n\t\t\t\t<div class=\"elementor-element elementor-element-3f74b5e elementor-widget elementor-widget-text-editor\" data-id=\"3f74b5e\" data-element_type=\"widget\" data-e-type=\"widget\" data-widget_type=\"text-editor.default\">\n\t\t\t\t<div class=\"elementor-widget-container\">\n\t\t\t\t\t\t\t\t\t<div class=\"row align-items-center\"><div class=\"col-md-auto\"><div class=\"about-grid_img mb-30 mb-md-0\"><img decoding=\"async\" src=\"https:\/\/themeholy.com\/wordpress\/edura\/wp-content\/uploads\/2023\/07\/about_1_4.png\" alt=\"img\" \/><\/div><\/div><div class=\"col-md-7\"><div class=\"checklist\"><ul><li>Obt\u00e9n acceso a nuestros cursos online.<\/li><li>Certif\u00edcate a nuestros cursos hoy mismo.<\/li><li>Certificados 100% v\u00e1lidos para concurso p\u00fablico y privado.\u00a0<\/li><\/ul><\/div><\/div><\/div>\t\t\t\t\t\t\t\t<\/div>\n\t\t\t\t<\/div>\n\t\t\t\t<div class=\"elementor-element elementor-element-1199565 elementor-widget elementor-widget-edurabutton\" data-id=\"1199565\" data-element_type=\"widget\" data-e-type=\"widget\" data-widget_type=\"edurabutton.default\">\n\t\t\t\t<div class=\"elementor-widget-container\">\n\t\t\t\t\t<!-- Button --><div class=\"btn-wrapper left\"><a class=\"th-btn\" href=\"http:\/\/ceps360.com\/aulavirtual\/\">SABER M\u00c1S AQU\u00cd<i class=\"fa-regular fa-arrow-right ms-2\"><\/i><\/a><\/div><!-- End Button -->\t\t\t\t<\/div>\n\t\t\t\t<\/div>\n\t\t\t\t\t<\/div>\n\t\t<\/div>\n\t\t\t\t\t<\/div>\n\t\t<\/section>\n\t\t\t\t\t<\/div>\n\t\t<\/div>\n\t\t\t\t\t<\/div>\n\t\t<\/section>\n\t\t<div class=\"elementor-element elementor-element-7843972 e-grid e-con-boxed e-con e-parent\" data-id=\"7843972\" data-element_type=\"container\" data-e-type=\"container\">\n\t\t\t\t\t<div class=\"e-con-inner\">\n\t\t\t\t<div class=\"elementor-element elementor-element-d3b5b6f elementor-widget elementor-widget-edurasectiontitle\" data-id=\"d3b5b6f\" data-element_type=\"widget\" data-e-type=\"widget\" data-widget_type=\"edurasectiontitle.default\">\n\t\t\t\t<div class=\"elementor-widget-container\">\n\t\t\t\t\t<div class=\"title-area mb-50\" ><span class=\"sub-title subtitle-selector\">Pensamos en ti<\/span><h2 class=\"sec-title title-selector\">CONVENIOS INSTITUCIONALES<\/h2><\/div>\t\t\t\t<\/div>\n\t\t\t\t<\/div>\n\t\t\t\t<div class=\"elementor-element elementor-element-b56d19d elementor-widget elementor-widget-edurabrandlogo\" data-id=\"b56d19d\" data-element_type=\"widget\" data-e-type=\"widget\" data-widget_type=\"edurabrandlogo.default\">\n\t\t\t\t<div class=\"elementor-widget-container\">\n\t\t\t\t\t\t\r\n\t\t\t<div class=\"row th-carousel text-center\" data-slide-show=\"8\" data-md-slide-show=\"6\">\r\n\t\t\t\t\t\t\t<div class=\"col-lg-12\">\r\n\t\t\t\t\t<a href=\"#\" class=\"client-thumb\">\r\n\t\t\t\t\t\t<img decoding=\"async\" src=\"https:\/\/ceps360.com\/web1\/wp-content\/uploads\/2025\/01\/MINISTERIO-DE-EDUCACION.png\" alt=\"MINISTERIO DE EDUCACION\"  \/>\t\t\t\t\t<\/a>\r\n\t\t\t\t<\/div>\r\n\t\t\t\t\t\t\t<div class=\"col-lg-12\">\r\n\t\t\t\t\t<a href=\"#\" class=\"client-thumb\">\r\n\t\t\t\t\t\t<img decoding=\"async\" src=\"https:\/\/ceps360.com\/web1\/wp-content\/uploads\/2025\/01\/INSTITUTO-DIGITAL-DEL-PERU.png\" alt=\"INSTITUTO DIGITAL DEL PERU\"  \/>\t\t\t\t\t<\/a>\r\n\t\t\t\t<\/div>\r\n\t\t\t\t\t\t\t<div class=\"col-lg-12\">\r\n\t\t\t\t\t<a href=\"#\" class=\"client-thumb\">\r\n\t\t\t\t\t\t<img decoding=\"async\" src=\"https:\/\/ceps360.com\/web1\/wp-content\/uploads\/2025\/01\/EDUTEC-PERU.png\" alt=\"EDUTEC PERU\"  \/>\t\t\t\t\t<\/a>\r\n\t\t\t\t<\/div>\r\n\t\t\t\t\t\t\t<div class=\"col-lg-12\">\r\n\t\t\t\t\t<a href=\"#\" class=\"client-thumb\">\r\n\t\t\t\t\t\t<img decoding=\"async\" src=\"https:\/\/ceps360.com\/web1\/wp-content\/uploads\/2025\/01\/EXCELENCIA-EDUCATIVA.png\" alt=\"EXCELENCIA EDUCATIVA\"  \/>\t\t\t\t\t<\/a>\r\n\t\t\t\t<\/div>\r\n\t\t\t\t\t\t\t<div class=\"col-lg-12\">\r\n\t\t\t\t\t<a href=\"#\" class=\"client-thumb\">\r\n\t\t\t\t\t\t<img decoding=\"async\" src=\"https:\/\/ceps360.com\/web1\/wp-content\/uploads\/2025\/01\/DREP.png\" alt=\"DREP\"  \/>\t\t\t\t\t<\/a>\r\n\t\t\t\t<\/div>\r\n\t\t\t\t\t\t\t<div class=\"col-lg-12\">\r\n\t\t\t\t\t<a href=\"#\" class=\"client-thumb\">\r\n\t\t\t\t\t\t<img decoding=\"async\" src=\"https:\/\/ceps360.com\/web1\/wp-content\/uploads\/2025\/01\/COLEGIO-DE-INGES.png\" alt=\"COLEGIO DE INGES\"  \/>\t\t\t\t\t<\/a>\r\n\t\t\t\t<\/div>\r\n\t\t\t\t\t\t\t<div class=\"col-lg-12\">\r\n\t\t\t\t\t<a href=\"#\" class=\"client-thumb\">\r\n\t\t\t\t\t\t<img decoding=\"async\" src=\"https:\/\/ceps360.com\/web1\/wp-content\/uploads\/2025\/01\/UGEL-PUNO.png\" alt=\"UGEL PUNO\"  \/>\t\t\t\t\t<\/a>\r\n\t\t\t\t<\/div>\r\n\t\t\t\t\t\t\t<div class=\"col-lg-12\">\r\n\t\t\t\t\t<a href=\"#\" class=\"client-thumb\">\r\n\t\t\t\t\t\t<img decoding=\"async\" src=\"https:\/\/ceps360.com\/web1\/wp-content\/uploads\/2025\/01\/COLEGIO-DE-ADMINS.png\" alt=\"COLEGIO DE ADMINS\"  \/>\t\t\t\t\t<\/a>\r\n\t\t\t\t<\/div>\r\n\t\t\t\t\t<\/div>\r\n\r\n\t\t\t\t\t<\/div>\n\t\t\t\t<\/div>\n\t\t\t\t\t<\/div>\n\t\t\t\t<\/div>\n\t\t\t\t<section class=\"elementor-section elementor-top-section elementor-element elementor-element-33c51c6 elementor-section-boxed elementor-section-height-default elementor-section-height-default\" data-id=\"33c51c6\" data-element_type=\"section\" data-e-type=\"section\">\n\t\t\t\t\t\t<div class=\"elementor-container elementor-column-gap-no\">\n\t\t\t\t\t<div class=\"elementor-column elementor-col-100 elementor-top-column elementor-element elementor-element-ed29bd9\" data-id=\"ed29bd9\" data-element_type=\"column\" data-e-type=\"column\">\n\t\t\t<div class=\"elementor-widget-wrap elementor-element-populated\">\n\t\t\t\t\t\t<section class=\"elementor-section elementor-inner-section elementor-element elementor-element-f29d5a8 elementor-section-full_width elementor-section-height-default elementor-section-height-default\" data-id=\"f29d5a8\" data-element_type=\"section\" data-e-type=\"section\">\n\t\t\t\t\t\t<div class=\"elementor-container elementor-column-gap-no\">\n\t\t\t\t\t<div class=\"elementor-column elementor-col-50 elementor-inner-column elementor-element elementor-element-d7bf25e\" data-id=\"d7bf25e\" data-element_type=\"column\" data-e-type=\"column\">\n\t\t\t<div class=\"elementor-widget-wrap elementor-element-populated\">\n\t\t\t\t\t\t<div class=\"elementor-element elementor-element-96c43c0 elementor-widget elementor-widget-edurasectiontitle\" data-id=\"96c43c0\" data-element_type=\"widget\" data-e-type=\"widget\" data-widget_type=\"edurasectiontitle.default\">\n\t\t\t\t<div class=\"elementor-widget-container\">\n\t\t\t\t\t<div class=\"title-area mb-50\" ><span class=\"sub-title subtitle-selector\"><i class=\"fal fa-book me-2\"><\/i>Noticias y Novedades<\/span><h2 class=\"sec-title title-selector\">\u00daltimas Noticias y Novedades<\/h2><\/div>\t\t\t\t<\/div>\n\t\t\t\t<\/div>\n\t\t\t\t\t<\/div>\n\t\t<\/div>\n\t\t\t\t<div class=\"elementor-column elementor-col-50 elementor-inner-column elementor-element elementor-element-37bab39\" data-id=\"37bab39\" data-element_type=\"column\" data-e-type=\"column\">\n\t\t\t<div class=\"elementor-widget-wrap elementor-element-populated\">\n\t\t\t\t\t\t<div class=\"elementor-element elementor-element-babbd8f elementor-widget elementor-widget-edurabutton\" data-id=\"babbd8f\" data-element_type=\"widget\" data-e-type=\"widget\" data-widget_type=\"edurabutton.default\">\n\t\t\t\t<div class=\"elementor-widget-container\">\n\t\t\t\t\t<!-- Button --><div class=\"btn-wrapper right\"><a class=\"th-btn\" href=\"http:\/\/ceps360.com\/web1\/blog\">Ver todo<i class=\"fa-regular fa-arrow-right ms-2\"><\/i><\/a><\/div><!-- End Button -->\t\t\t\t<\/div>\n\t\t\t\t<\/div>\n\t\t\t\t\t<\/div>\n\t\t<\/div>\n\t\t\t\t\t<\/div>\n\t\t<\/section>\n\t\t\t\t<section class=\"elementor-section elementor-inner-section elementor-element elementor-element-38fb468 elementor-section-full_width elementor-section-height-default elementor-section-height-default\" data-id=\"38fb468\" data-element_type=\"section\" data-e-type=\"section\">\n\t\t\t\t\t\t<div class=\"elementor-container elementor-column-gap-no\">\n\t\t\t\t\t<div class=\"elementor-column elementor-col-100 elementor-inner-column elementor-element elementor-element-8e3076a\" data-id=\"8e3076a\" data-element_type=\"column\" data-e-type=\"column\">\n\t\t\t<div class=\"elementor-widget-wrap elementor-element-populated\">\n\t\t\t\t\t\t<div class=\"elementor-element elementor-element-d8bb7ec elementor-widget elementor-widget-edurablog\" data-id=\"d8bb7ec\" data-element_type=\"widget\" data-e-type=\"widget\" data-widget_type=\"edurablog.default\">\n\t\t\t\t<div class=\"elementor-widget-container\">\n\t\t\t\t\t\t\t\t<div class=\"row slider-shadow th-carousel blog-slider-1 arrow-wrap\" data-slide-show=\"3\" data-lg-slide-show=\"2\" data-md-slide-show=\"2\" data-sm-slide-show=\"1\" data-arrows=\"true\">\r\n\t\t\t            <div class=\"col-md-6 col-xl-4\">\r\n                <div class=\"th-blog blog-single style2\"> \r\n                    <div class=\"blog-img\">\r\n                        <img fetchpriority=\"high\" decoding=\"async\" width=\"382\" height=\"278\" src=\"https:\/\/ceps360.com\/web1\/wp-content\/uploads\/2025\/01\/EDUTEC-PERU-382x278.png\" class=\"attachment-edura_382X278 size-edura_382X278 wp-post-image\" alt=\"\" srcset=\"https:\/\/ceps360.com\/web1\/wp-content\/uploads\/2025\/01\/EDUTEC-PERU-382x278.png 382w, https:\/\/ceps360.com\/web1\/wp-content\/uploads\/2025\/01\/EDUTEC-PERU-442x322.png 442w, https:\/\/ceps360.com\/web1\/wp-content\/uploads\/2025\/01\/EDUTEC-PERU-444x323.png 444w, https:\/\/ceps360.com\/web1\/wp-content\/uploads\/2025\/01\/EDUTEC-PERU-384x280.png 384w\" sizes=\"(max-width: 382px) 100vw, 382px\" \/>                    <\/div>\r\n                    <div class=\"blog-content\">\r\n                        <div class=\"blog-meta\">\r\n                            <a class=\"author\" href=\"https:\/\/ceps360.com\/web1\/author\/cepsadmin\/\"><i class=\"fa-light fa-user\"><\/i>By Administrador<\/a>\r\n                            <a href=\"https:\/\/ceps360.com\/web1\/2025\/01\/24\/\"><i class=\"fa-light fa-clock\"><\/i>24 Ene, 2025<\/a>\r\n                        <\/div>\r\n                        <h4 class=\"box-title th-title\"><a href=\"https:\/\/ceps360.com\/web1\/2025\/01\/24\/convenio-cetpro-edutec-peru\/\">CONVENIO CETPRO EDUTEC PER\u00da<\/a><\/h4>\r\n                        \t\t\t\t\t\t\t<a href=\"https:\/\/ceps360.com\/web1\/2025\/01\/24\/convenio-cetpro-edutec-peru\/\" class=\"link-btn th_btn\">Read More Details<i class=\"fas fa-arrow-right ms-2\"><\/i><\/a>\r\n\t\t\t\t\t\t                    <\/div>\r\n                <\/div>\r\n            <\/div>\r\n\r\n\t\t\t            <div class=\"col-md-6 col-xl-4\">\r\n                <div class=\"th-blog blog-single style2\"> \r\n                    <div class=\"blog-img\">\r\n                        <img decoding=\"async\" width=\"382\" height=\"278\" src=\"https:\/\/ceps360.com\/web1\/wp-content\/uploads\/2025\/01\/INSTITUTO-DIGITAL-DEL-PERU-382x278.png\" class=\"attachment-edura_382X278 size-edura_382X278 wp-post-image\" alt=\"\" srcset=\"https:\/\/ceps360.com\/web1\/wp-content\/uploads\/2025\/01\/INSTITUTO-DIGITAL-DEL-PERU-382x278.png 382w, https:\/\/ceps360.com\/web1\/wp-content\/uploads\/2025\/01\/INSTITUTO-DIGITAL-DEL-PERU-442x322.png 442w, https:\/\/ceps360.com\/web1\/wp-content\/uploads\/2025\/01\/INSTITUTO-DIGITAL-DEL-PERU-444x323.png 444w, https:\/\/ceps360.com\/web1\/wp-content\/uploads\/2025\/01\/INSTITUTO-DIGITAL-DEL-PERU-384x280.png 384w\" sizes=\"(max-width: 382px) 100vw, 382px\" \/>                    <\/div>\r\n                    <div class=\"blog-content\">\r\n                        <div class=\"blog-meta\">\r\n                            <a class=\"author\" href=\"https:\/\/ceps360.com\/web1\/author\/cepsadmin\/\"><i class=\"fa-light fa-user\"><\/i>By Administrador<\/a>\r\n                            <a href=\"https:\/\/ceps360.com\/web1\/2025\/01\/24\/\"><i class=\"fa-light fa-clock\"><\/i>24 Ene, 2025<\/a>\r\n                        <\/div>\r\n                        <h4 class=\"box-title th-title\"><a href=\"https:\/\/ceps360.com\/web1\/2025\/01\/24\/ceps-360-s-r-l-y-el-instituto-tecnologico-digital-del-peru-firman-convenio-en-la-region-de-cusco\/\">CONVENIO INSTITUTO DIGITAL DEL PER\u00da<\/a><\/h4>\r\n                        \t\t\t\t\t\t\t<a href=\"https:\/\/ceps360.com\/web1\/2025\/01\/24\/ceps-360-s-r-l-y-el-instituto-tecnologico-digital-del-peru-firman-convenio-en-la-region-de-cusco\/\" class=\"link-btn th_btn\">Read More Details<i class=\"fas fa-arrow-right ms-2\"><\/i><\/a>\r\n\t\t\t\t\t\t                    <\/div>\r\n                <\/div>\r\n            <\/div>\r\n\r\n\t\t\t\t\t<\/div>\r\n\t\t\r\n\t\t\t\t\t<\/div>\n\t\t\t\t<\/div>\n\t\t\t\t\t<\/div>\n\t\t<\/div>\n\t\t\t\t\t<\/div>\n\t\t<\/section>\n\t\t\t\t\t<\/div>\n\t\t<\/div>\n\t\t\t\t\t<\/div>\n\t\t<\/section>\n\t\t\t\t<\/div>\n\t\t","protected":false},"excerpt":{"rendered":"<p>35% OFF APRENDE HOY MISMO La Educaci\u00f3n esta en tus Manos. La educaci\u00f3n puede considerarse como la transmisi\u00f3n de los&#8230;<\/p>\n","protected":false},"author":1,"featured_media":0,"parent":0,"menu_order":0,"comment_status":"closed","ping_status":"closed","template":"template-builder.php","meta":{"footnotes":""},"class_list":["post-43","page","type-page","status-publish","hentry","th-blog blog-single"],"_links":{"self":[{"href":"https:\/\/ceps360.com\/web1\/wp-json\/wp\/v2\/pages\/43","targetHints":{"allow":["GET"]}}],"collection":[{"href":"https:\/\/ceps360.com\/web1\/wp-json\/wp\/v2\/pages"}],"about":[{"href":"https:\/\/ceps360.com\/web1\/wp-json\/wp\/v2\/types\/page"}],"author":[{"embeddable":true,"href":"https:\/\/ceps360.com\/web1\/wp-json\/wp\/v2\/users\/1"}],"replies":[{"embeddable":true,"href":"https:\/\/ceps360.com\/web1\/wp-json\/wp\/v2\/comments?post=43"}],"version-history":[{"count":43,"href":"https:\/\/ceps360.com\/web1\/wp-json\/wp\/v2\/pages\/43\/revisions"}],"predecessor-version":[{"id":6407,"href":"https:\/\/ceps360.com\/web1\/wp-json\/wp\/v2\/pages\/43\/revisions\/6407"}],"wp:attachment":[{"href":"https:\/\/ceps360.com\/web1\/wp-json\/wp\/v2\/media?parent=43"}],"curies":[{"name":"wp","href":"https:\/\/api.w.org\/{rel}","templated":true}]}}